{"id":99,"date":"2020-08-18T13:11:42","date_gmt":"2020-08-18T13:11:42","guid":{"rendered":"https:\/\/data-mac.com\/?page_id=99"},"modified":"2020-08-18T13:11:42","modified_gmt":"2020-08-18T13:11:42","slug":"hizmetlerimiz","status":"publish","type":"page","link":"https:\/\/data-mac.com\/?page_id=99","title":{"rendered":"Hizmetlerimiz"},"content":{"rendered":"<p>17 Y\u0131ld\u0131r s\u00fcregelen Apple Bilgimizi. Datamac olarak 2007 y\u0131l\u0131ndan bu yana sizinle daha iyi hizmet ad\u0131na, sizlere sunuyoruz.<\/p>\n<p>Apple \u00fcr\u00fcnleri konusunda yaz\u0131l\u0131msal ve donan\u0131msal alanda teknik destek vermekteyiz.<\/p>\n<p>Kurumsal firmalar ba\u015fta olmak \u00fczere bireysel ve son kullan\u0131c\u0131ya y\u00f6nelik h\u0131zl\u0131 servis veriyoruz.<\/p>\n<p>Firmalara bulunduklar\u0131 yerde ve ofiste bilgisayar servisi, uzaktan ba\u011flant\u0131 ile servis hizmeti, bak\u0131m anla\u015fmalar\u0131 yaparak ve telefonla destek vererek en iyi ve h\u0131zl\u0131 \u00e7\u00f6z\u00fcm\u00fc \u00fcretmekteyiz.<\/p>\n<p>Apple \u00fcr\u00fcnleri ile ilgili teknik \u00e7\u00f6z\u00fcmlerimiz her zaman ekonomik ve sorunsuz olmu\u015ftur.<\/p>\n<p>Mac ve pc platformunu ayn\u0131 \u00e7at\u0131 alt\u0131na y\u00fcr\u00fctebilen b\u00f6lgemizdeki tek firmay\u0131z.<\/p>\n<p>Servisimiz t\u00fcm ar\u0131zalar\u0131 minimum rakamlara \u00e7\u00f6zmek i\u00e7in elinden gelen t\u00fcm \u00e7abay\u0131 sarfetmektedir.<\/p>\n","protected":false},"excerpt":{"rendered":"<p>17 Y\u0131ld\u0131r s\u00fcregelen Apple Bilgimizi. Datamac olarak 2007 y\u0131l\u0131ndan bu yana sizinle daha iyi hizmet ad\u0131na, sizlere sunuyoruz. Apple \u00fcr\u00fcnleri konusunda yaz\u0131l\u0131msal ve donan\u0131msal alanda teknik destek vermekteyiz. Kurumsal firmalar&hellip;<\/p>\n","protected":false},"author":1,"featured_media":0,"parent":0,"menu_order":0,"comment_status":"closed","ping_status":"closed","template":"","meta":[],"_links":{"self":[{"href":"https:\/\/data-mac.com\/index.php?rest_route=\/wp\/v2\/pages\/99"}],"collection":[{"href":"https:\/\/data-mac.com\/index.php?rest_route=\/wp\/v2\/pages"}],"about":[{"href":"https:\/\/data-mac.com\/index.php?rest_route=\/wp\/v2\/types\/page"}],"author":[{"embeddable":true,"href":"https:\/\/data-mac.com\/index.php?rest_route=\/wp\/v2\/users\/1"}],"replies":[{"embeddable":true,"href":"https:\/\/data-mac.com\/index.php?rest_route=%2Fwp%2Fv2%2Fcomments&post=99"}],"version-history":[{"count":1,"href":"https:\/\/data-mac.com\/index.php?rest_route=\/wp\/v2\/pages\/99\/revisions"}],"predecessor-version":[{"id":100,"href":"https:\/\/data-mac.com\/index.php?rest_route=\/wp\/v2\/pages\/99\/revisions\/100"}],"wp:attachment":[{"href":"https:\/\/data-mac.com\/index.php?rest_route=%2Fwp%2Fv2%2Fmedia&parent=99"}],"curies":[{"name":"wp","href":"https:\/\/api.w.org\/{rel}","templated":true}]}}