{"id":112,"date":"2020-08-18T13:33:28","date_gmt":"2020-08-18T13:33:28","guid":{"rendered":"https:\/\/data-mac.com\/?page_id=112"},"modified":"2020-08-18T13:33:28","modified_gmt":"2020-08-18T13:33:28","slug":"neden-mac","status":"publish","type":"page","link":"https:\/\/data-mac.com\/?page_id=112","title":{"rendered":"NEDEN MAC?"},"content":{"rendered":"<p><strong>Windows ve Microsoft Office, bir Mac&#8217;te \u00e7al\u0131\u015fabilir mi?<\/strong><br \/>\nEvet. Mac ile uyumlu bir Microsoft Office s\u00fcr\u00fcm\u00fc mevcuttur ve bir Mac&#8217;te yarat\u0131lm\u0131\u015f Word, PowerPoint ve Excel dosyalar\u0131, Windows ile tam uyumluluk i\u00e7inde olacakt\u0131r. Di\u011fer pop\u00fcler uygulamalar\u0131n b\u00fcy\u00fck bir k\u0131sm\u0131 da Mac&#8217;le \u00e7al\u0131\u015f\u0131r. Ama sadece Windows&#8217;a \u00f6zg\u00fc bir uygulamaya ihtiyac\u0131n\u0131z varsa, birka\u00e7 se\u00e7ene\u011finiz var: Her yeni Mac&#8217;le birlikte gelen Boot Camp, Mac&#8217;iniz t\u0131pk\u0131 bir PC&#8217;ymi\u015f gibi, Windows kullanabilmenize olanak tan\u0131r. E\u011fer Mac OS X ve Windows&#8217;u yan yana \u00e7al\u0131\u015ft\u0131rmak istiyorsan\u0131z &#8216;Mac i\u00e7in Paralel Masa\u00fcst\u00fc&#8217; yahut &#8216;VMware Fusion&#8217; programlar\u0131n\u0131 sat\u0131n alabilirsiniz. Bu uygulamalardan birini ve Windows kurulum CD&#8217;sini y\u00fckledikten sonra, bilgisayar\u0131n\u0131z\u0131 yeniden ba\u015flatmaya gerek kalmadan, diledi\u011finiz Windows program\u0131n\u0131 Mac uygulamalar\u0131n\u0131z\u0131n yan\u0131 ba\u015f\u0131nda \u00e7al\u0131\u015ft\u0131rabilirsiniz.<\/p>\n<p><strong>PC&#8217;de kulland\u0131\u011f\u0131m cihazlar (kameralar, yaz\u0131c\u0131lar, sabit diskler) Mac ile \u00e7al\u0131\u015facak m\u0131?<\/strong><br \/>\n\u00c7evrebirimleri i\u00e7in Mac&#8217;te kurulu y\u00fczlerce s\u00fcr\u00fcc\u00fc vard\u0131r. Tek yapman\u0131z gereken cihaz\u0131n\u0131z\u0131 ba\u011flamak; pek \u00e7ok durumda, bu yeterli olacakt\u0131r. Mac, dijital foto\u011fraf makinenizi ba\u011flad\u0131\u011f\u0131n\u0131zda ne yapmas\u0131 gerekti\u011fini bilecek kadar ak\u0131ll\u0131d\u0131r: iPhoto&#8217;yu a\u00e7ar ve son \u00e7ekti\u011finiz resimleri y\u00fcklemek isteyip istemedi\u011finizi sorar.<\/p>\n<p><strong>Windows a\u011flar\u0131na kat\u0131labilir miyim?<\/strong><br \/>\nEvet. Evde ya da i\u015fte bir \u015febekeniz varsa bu Mac&#8217;e yetecektir, kablolu da olsa, kablosuz da. A\u011f\u0131n\u0131zdaki bilgisayarlarla dosya payla\u015f\u0131m\u0131 ger\u00e7ekle\u015ftirebilir, \u0130nternette gezinebilir, e-postalar\u0131n\u0131za bakabilirsiniz.<\/p>\n<p><strong>Peki ya Kablosuz A\u011f?<\/strong><br \/>\nYeni Mac bilgisayarlar\u0131n t\u00fcm\u00fc, kablosuz \u00f6zelli\u011fiyle gelir. Mevcut kablosuz a\u011flar, otomatik olarak g\u00f6z\u00fck\u00fcr. Kat\u0131lmak istedi\u011finiz a\u011f\u0131 se\u00e7in, gerekiyorsa \u015fifreyi girin ve i\u015fte, g\u00f6z a\u00e7\u0131p kapamadan ba\u011fland\u0131n\u0131z bile.<\/p>\n<p><strong>Mac g\u00fcvenilir midir?<\/strong><br \/>\nBir PC sat\u0131n ald\u0131\u011f\u0131n\u0131zda, bir \u015firketten donan\u0131m, bir ba\u015fka \u015firketten i\u015fletim sistemi ve yaz\u0131l\u0131m al\u0131yor oluyorsunuz. Mac&#8217;le durum b\u00f6yle de\u011fildir. Apple, Mac ile birlikte gelen yaz\u0131l\u0131m\u0131 da, bilgisayar\u0131n kendisini de yapan firma oldu\u011fu i\u00e7in, deyimin tam anlam\u0131yla birbirleri i\u00e7in yarat\u0131lm\u0131\u015ft\u0131r Mac ve yaz\u0131l\u0131mlar\u0131. Bunun anlam\u0131, bir Mac&#8217;in \u00e7ok nadiren donaca\u011f\u0131 yahut \u00e7\u00f6kece\u011fidir. Zaman zaman bir uygulama kapanabilir, fakat bu, sistemin kalan\u0131n\u0131 etkilemeyecektir. Mac OS X vir\u00fcslerin b\u00fcy\u00fck k\u0131sm\u0131na direnebilir, yani her \u015feyi kaybetmekten endi\u015felenmeden, diledi\u011finiz her \u015feyi yapabilirsiniz.<\/p>\n<p><strong>Nas\u0131l bir destek beklemeliyim?<\/strong><br \/>\nHer bir Mac, kullan\u0131c\u0131lar taraf\u0131ndan s\u00fcrekli olarak alan\u0131n\u0131n en iyisi se\u00e7ilen servis ve destekle birlikte gelir. Mac&#8217;inizin ilk y\u0131l\u0131nda bir probleminiz olursa, tamir edilmesi ya da yenilenmesi i\u00e7in onu bir Apple Sat\u0131\u015f Noktas\u0131na g\u00f6t\u00fcrebilirsiniz. \u015eayet AppleCare Koruma Plan\u0131&#8217;n\u0131 sat\u0131n al\u0131rsan\u0131z, bu servis ve deste\u011fi \u00fc\u00e7 seneye kadar uzatm\u0131\u015f olursunuz. Apple Sat\u0131\u015f Noktas\u0131 ayn\u0131 zamanda ProBak\u0131m (size \u00f6ncelikli destek verir) ve TekeTek (Haftal\u0131k ki\u015fisel Mac e\u011fitimi) gibi hizmetler de sunar.<\/p>\n<p><strong>Mac i\u00e7in bir vir\u00fcs yaz\u0131l\u0131m\u0131na ihtiyac\u0131m var m\u0131?<\/strong><br \/>\nHay\u0131r. \u0130nternet&#8217;e ba\u011flanan hi\u00e7bir bilgisayar\u0131n vir\u00fcs ve casus yaz\u0131l\u0131mlara kar\u015f\u0131 y\u00fczde y\u00fcz korumal\u0131 olamayaca\u011f\u0131 ger\u00e7e\u011fine ra\u011fmen, Mac sa\u011flam UNIX temelinin \u00fczerine in\u015fa edilmi\u015f, ve \u00f6nceli\u011fi g\u00fcvenli\u011fe vererek \u00fcretilmi\u015ftir. Mac web taray\u0131c\u0131s\u0131, Safari, sizi her program indiri\u015finizde uyar\u0131r -masum bir resim ya da film dosyas\u0131 k\u0131l\u0131\u011f\u0131na girmi\u015fse bile- ve Apple, Mac sahipleri i\u00e7in s\u00fcrekli olarak \u00fccretsiz g\u00fcvenlik g\u00fcncellemeleri \u00e7\u0131karmaktad\u0131r. Sisteminizin otomatik olarak g\u00fcncellenmesini dahi se\u00e7ebilirsiniz.<\/p>\n<p><strong>Bir Mac kullanmay\u0131 \u00f6\u011frenmek kolay m\u0131d\u0131r?<\/strong><br \/>\nHer Mac, bilgisayarlar\u0131n kullan\u0131m\u0131n\u0131n kolay olmas\u0131 gerekti\u011fi temel prensibi baz al\u0131narak yarat\u0131lm\u0131\u015ft\u0131r, b\u00f6ylece bilgisayar\u0131n\u0131z\u0131n nas\u0131l \u00e7al\u0131\u015ft\u0131\u011f\u0131na daha az kafa yorarken, sevdi\u011finiz \u015feyleri yapmak i\u00e7in daha \u00e7ok vakit bulacaks\u0131n\u0131z. E\u011fer hi\u00e7 Mac kullanmad\u0131ysan\u0131z, al\u0131\u015fana kadar k\u0131sa bir s\u00fcre ge\u00e7mesi gerekebilir. Ama bir, en fazla iki hafta i\u00e7inde, t\u0131pk\u0131 eski dostlar gibi anla\u015f\u0131yor olacaks\u0131n\u0131z muhtemelen. T\u00fcm Mac uygulamalar\u0131 ayn\u0131 yenilik\u00e7i \u015fekilde \u00e7al\u0131\u015fmalar\u0131 i\u00e7in tasarlanm\u0131\u015f olduklar\u0131 i\u00e7in, bir uygulamay\u0131 \u00f6\u011frendikten sonra -iTunes, \u00f6rne\u011fin- iPhoto, Mail ya da Mac&#8217;inizle birlikte gelen bir ba\u015fka yaz\u0131l\u0131ma \u00e7ok k\u0131sa s\u00fcrede hakim olacaks\u0131n\u0131z.<\/p>\n<p><strong>Ni\u00e7in bir Mac&#8217;e daha \u00e7ok para harcayay\u0131m?<\/strong><br \/>\nBir PC&#8217;nin maliyetini, ek yaz\u0131l\u0131mlar, bellek ve alman\u0131z gereken di\u011fer ekstralar\u0131 da g\u00f6z \u00f6n\u00fcne alarak Mac ile kar\u015f\u0131la\u015ft\u0131rd\u0131\u011f\u0131n\u0131zda, bir Mac ve PC aras\u0131ndaki fiyat fark\u0131, pek \u00e7ok insan\u0131n inand\u0131\u011f\u0131 kadar b\u00fcy\u00fck olmuyor. Mac, bilgisayar\u0131n\u0131zdan hemen kald\u0131rmak isteyece\u011finiz gereksiz ve bedava programlardan farkl\u0131 olarak hem i\u015f, hem de keyfiniz i\u00e7in kullanmaktan zevk alaca\u011f\u0131n\u0131z pek \u00e7ok yerle\u015fik uygulamayla geldi\u011fi i\u00e7in, Mac, finansal a\u00e7\u0131dan son derece mant\u0131kl\u0131d\u0131r. Son olarak, Mac, gezegenin en parlak donan\u0131m m\u00fchendisleri, yaz\u0131l\u0131m geli\u015ftiricileri ve \u00fcr\u00fcn tasar\u0131mc\u0131lar\u0131n\u0131n elinden \u00e7\u0131km\u0131\u015f, \u00fcst\u00fcn teknolojiyle donat\u0131lm\u0131\u015ft\u0131r. Yani, k\u0131sa s\u00fcrede modas\u0131n\u0131n ge\u00e7me tehlikesiyle kar\u015f\u0131 kar\u015f\u0131 olmayan bir bilgisayar ve en yeni teknolojik geli\u015fmelere sahip oluyorsunuz.<\/p>\n<p><strong>Dosyalar\u0131m\u0131 bir Mac&#8217;e nas\u0131l ta\u015f\u0131r\u0131m?<\/strong><br \/>\nEn kolay yol, bunu bizim yapmam\u0131za izin vermeniz olur. E\u011fer bir Apple Sat\u0131\u015f Noktas\u0131ndan Mac sat\u0131n al\u0131yorsan\u0131z ve eski Mac ya da PC&#8217;nizi de yan\u0131n\u0131zda g\u00f6t\u00fcr\u00fcrseniz, haz\u0131r bekleyen Dahilerimizden biri sizin i\u00e7in t\u00fcm dosyalaran\u0131z\u0131 ta\u015f\u0131yacakt\u0131r. Foto\u011fraflar\u0131, m\u00fczi\u011fi, d\u00f6k\u00fcmanlar\u0131 ve daha fazlas\u0131n\u0131 ta\u015f\u0131mak i\u00e7in bir USB veya FireWire sabit s\u00fcr\u00fcc\u00fc ya da yerel bir a\u011f da kullanabilirsiniz.<\/p>\n<p><strong>Kaynak: Apple T\u00fcrkiye<\/strong><\/p>\n","protected":false},"excerpt":{"rendered":"<p>Windows ve Microsoft Office, bir Mac&#8217;te \u00e7al\u0131\u015fabilir mi? Evet. Mac ile uyumlu bir Microsoft Office s\u00fcr\u00fcm\u00fc mevcuttur ve bir Mac&#8217;te yarat\u0131lm\u0131\u015f Word, PowerPoint ve Excel dosyalar\u0131, Windows ile tam uyumluluk&hellip;<\/p>\n","protected":false},"author":1,"featured_media":0,"parent":0,"menu_order":0,"comment_status":"closed","ping_status":"closed","template":"","meta":[],"_links":{"self":[{"href":"https:\/\/data-mac.com\/index.php?rest_route=\/wp\/v2\/pages\/112"}],"collection":[{"href":"https:\/\/data-mac.com\/index.php?rest_route=\/wp\/v2\/pages"}],"about":[{"href":"https:\/\/data-mac.com\/index.php?rest_route=\/wp\/v2\/types\/page"}],"author":[{"embeddable":true,"href":"https:\/\/data-mac.com\/index.php?rest_route=\/wp\/v2\/users\/1"}],"replies":[{"embeddable":true,"href":"https:\/\/data-mac.com\/index.php?rest_route=%2Fwp%2Fv2%2Fcomments&post=112"}],"version-history":[{"count":1,"href":"https:\/\/data-mac.com\/index.php?rest_route=\/wp\/v2\/pages\/112\/revisions"}],"predecessor-version":[{"id":113,"href":"https:\/\/data-mac.com\/index.php?rest_route=\/wp\/v2\/pages\/112\/revisions\/113"}],"wp:attachment":[{"href":"https:\/\/data-mac.com\/index.php?rest_route=%2Fwp%2Fv2%2Fmedia&parent=112"}],"curies":[{"name":"wp","href":"https:\/\/api.w.org\/{rel}","templated":true}]}}